{"id":4305,"date":"2021-06-08T10:29:05","date_gmt":"2021-06-08T08:29:05","guid":{"rendered":"http:\/\/tiendaproductosdeleon.com\/?post_type=product&#038;p=4305"},"modified":"2021-06-21T13:51:03","modified_gmt":"2021-06-21T11:51:03","slug":"mermelada-de-pera-y-arandanos","status":"publish","type":"product","link":"https:\/\/tiendaproductosdeleon.com\/?product=mermelada-de-pera-y-arandanos","title":{"rendered":"Mermelada de pera y ar\u00e1ndanos"},"content":{"rendered":"<p>DE LO NUESTRO ARTESANO es una empresa agroalimentaria familiar, situada en el coraz\u00f3n del Bierzo. Comenz\u00f3 su andadura en el a\u00f1o 1986, combinando tradici\u00f3n e innovaci\u00f3n para proporcionar las mejores materias primas, con las cuales se elaboran las exquisitas conservas tradicionales \u201cSAT EL ARTESANO RA\u00daL VALCARCE\u201d.<\/p>\n<p>Desde hace m\u00e1s de 25 a\u00f1os se ha apoyado al departamento agr\u00edcola de la empresa para que le provea de una gran parte de las materias primas, y \u00e9stas puedan ser transformadas en sus modernas instalaciones, consiguiendo de este modo, unas frutas y hortalizas de primer\u00edsima calidad que se ve reflejada en todos y cada uno de los productos finales.<\/p>\n<p>Los pimientos asados cuentan con la <strong>INDICACI\u00d3N GEOGR\u00c1FICA PROTEGIDA DEL PIMIENTO ASADO DEL BIERZO<\/strong>, y las casta\u00f1as empleadas tienen la \u201c<strong>MARCA DE GARANT\u00cdA DE CALIDAD DE CASTA\u00d1A DEL BIERZO<\/strong>\u201d.<\/p>\n<p>Adem\u00e1s, trabajan conjuntamente con la \u201c<strong>MARCA DE GARANT\u00cdA DE CALIDAD PERA CONFERENCIA DEL BIERZO<\/strong>\u201d, y \u201c<strong>DENOMINACI\u00d3N DE ORIGEN MANZANA REINETA DEL BIERZO<\/strong>\u201d.<\/p>\n","protected":false},"excerpt":{"rendered":"<h5>INFORMACI\u00d3N DEL PRODUCTO:<\/h5>\n<ul>\n<li>Mermelada de pera y ar\u00e1ndanos<\/li>\n<li>De lo Nuestro Artesano (Bierzo &#8211; Le\u00f3n)<\/li>\n<li>Peso neto: 220Gr<\/li>\n<\/ul>\n","protected":false},"featured_media":4309,"template":"","meta":[],"product_cat":[69,86],"product_tag":[114],"class_list":{"0":"post-4305","1":"product","2":"type-product","3":"status-publish","4":"has-post-thumbnail","6":"product_cat-conservas","7":"product_cat-productosdeleon","8":"product_tag-conservas","10":"first","11":"instock","12":"shipping-taxable","13":"purchasable","14":"product-type-simple"},"aioseo_notices":[],"_links":{"self":[{"href":"https:\/\/tiendaproductosdeleon.com\/index.php?rest_route=\/wp\/v2\/product\/4305","targetHints":{"allow":["GET"]}}],"collection":[{"href":"https:\/\/tiendaproductosdeleon.com\/index.php?rest_route=\/wp\/v2\/product"}],"about":[{"href":"https:\/\/tiendaproductosdeleon.com\/index.php?rest_route=\/wp\/v2\/types\/product"}],"wp:featuredmedia":[{"embeddable":true,"href":"https:\/\/tiendaproductosdeleon.com\/index.php?rest_route=\/wp\/v2\/media\/4309"}],"wp:attachment":[{"href":"https:\/\/tiendaproductosdeleon.com\/index.php?rest_route=%2Fwp%2Fv2%2Fmedia&parent=4305"}],"wp:term":[{"taxonomy":"product_cat","embeddable":true,"href":"https:\/\/tiendaproductosdeleon.com\/index.php?rest_route=%2Fwp%2Fv2%2Fproduct_cat&post=4305"},{"taxonomy":"product_tag","embeddable":true,"href":"https:\/\/tiendaproductosdeleon.com\/index.php?rest_route=%2Fwp%2Fv2%2Fproduct_tag&post=4305"}],"curies":[{"name":"wp","href":"https:\/\/api.w.org\/{rel}","templated":true}]}}